{"id":8,"date":"2025-09-21T10:45:43","date_gmt":"2025-09-21T10:45:43","guid":{"rendered":"https:\/\/orchestral.tv\/?page_id=8"},"modified":"2025-09-22T12:58:38","modified_gmt":"2025-09-22T12:58:38","slug":"elementor-8","status":"publish","type":"page","link":"https:\/\/orchestral.tv\/","title":{"rendered":"Home"},"content":{"rendered":"\t\t<div data-elementor-type=\"wp-post\" data-elementor-id=\"8\" class=\"elementor elementor-8\" data-elementor-post-type=\"page\">\n\t\t\t\t<div class=\"elementor-element elementor-element-29d7c69 e-con-full e-flex e-con e-parent\" data-id=\"29d7c69\" data-element_type=\"container\">\n\t\t\t\t<div class=\"elementor-element elementor-element-fca8b41 elementor-widget elementor-widget-html\" data-id=\"fca8b41\" data-element_type=\"widget\" data-widget_type=\"html.default\">\n\t\t\t\t\t<iframe src='https:\/\/my.spline.design\/logocopycopy-vMhmIcCwobFs6gDcwgWqX7NT\/' frameborder='0' width='100' height='1080px'><\/iframe>\n\n<script>\njQuery(document).ready(function($){\n    let buttonAudioMap = {\n        'audio1-btn': 'audio1',\n        'audio2-btn': 'audio2',\n        \/\/ Add more button-to-audio  as needed\n    };\n\n    \/\/ Attach event handlers to each button\n    $.each(buttonAudioMap, function(buttonId, audioId) {\n        $('#' + buttonId).click(function() {\n            let audio = $('#' + audioId)[0];\n\n            \/\/ Toggle play\/pause\n            if (audio.paused) {\n                \/\/ Optional: Pause other audios\n                $('audio').each(function() {\n                    this.pause(); \/\/ Pause each audio element\n                });\n\n                audio.play();\n            } else {\n                audio.pause();\n            }\n        });\n    });\n});\n<\/script>\n\n\n<audio id=\"audio1\" src=\"\/wp-content\/uploads\/2023\/10\/Nils-Frahm-You.mp3\"><\/audio>\n<audio id=\"audio2\" src=\"\/wp-content\/uploads\/2023\/10\/Nils-Frahm-Do.mp3\"><\/audio>\t\t\t\t<\/div>\n\t\t\t\t<\/div>\n\t\t<div class=\"elementor-element elementor-element-df7ec63 e-flex e-con-boxed e-con e-parent\" data-id=\"df7ec63\" data-element_type=\"container\">\n\t\t\t\t\t<div class=\"e-con-inner\">\n\t\t<div class=\"elementor-element elementor-element-54e05cb e-con-full e-flex e-con e-child\" data-id=\"54e05cb\" data-element_type=\"container\">\n\t\t\t\t<div class=\"elementor-element elementor-element-bd73d82 elementor-view-default elementor-widget elementor-widget-icon\" data-id=\"bd73d82\" data-element_type=\"widget\" data-widget_type=\"icon.default\">\n\t\t\t\t\t\t\t<div class=\"elementor-icon-wrapper\">\n\t\t\t<div class=\"elementor-icon\">\n\t\t\t<svg xmlns=\"http:\/\/www.w3.org\/2000\/svg\" xmlns:xlink=\"http:\/\/www.w3.org\/1999\/xlink\" id=\"Calque_1\" x=\"0px\" y=\"0px\" viewBox=\"0 0 595.28 841.89\" xml:space=\"preserve\"><g>\t<path d=\"M302.51,161.55c0.83-0.19,1,0.45,1.37,0.96c2.13,2.93,4.08,8.59,6.01,12.07c2.5,4.53,7.57,11.14,9.26,15.45  c1.72,4.36,2.02,10.81,3.49,15.8c8.68,29.62,41.06,56.62,64.56,75.26c30.51,24.2,62.8,46.15,94.15,69.18  c48.34,35.52,94.83,80.64,63.61,145.35c-28.8,59.69-115.68,115.09-171.87,148.15c-18.45,10.85-40.48,24.46-59.85,32.96  c-3.18,1.4-10.61,5.37-13.5,2.82c-6.3-12.04-16.13-22.02-23.62-33.03c-8.91-13.1-14.72-24.77-25.76-36.92  c-34.21-37.63-85.06-69.95-126.77-99.23C78.67,478.83,22.97,436.6,45.26,373.8c21.5-60.59,110.13-118.63,162.94-152.26  c28.86-18.38,59.49-35.23,87.53-54.7C296.85,166.05,302.09,161.65,302.51,161.55z M285.01,214.69  c-19.42,7.76-37.83,19.84-55.25,31.42c-46.99,31.24-125.24,89.27-136.46,147.4c-7.85,40.68,16.77,72.81,44.61,98.88  c52.25,48.94,122.37,76.88,166.95,134.38c2.32,1.55,6.3,1.41,9.03,1.19c23.34-1.87,70.82-33.7,90.65-47.97  c43.13-31.04,104.18-84.02,98.9-142.76c-5.95-66.14-98.45-115.86-146.63-151.09C329.53,266.22,302.05,244.46,285.01,214.69z\"><\/path>\t<path d=\"M299.14,536.98c-6.77-9.3-12.36-19.57-18.66-29.24c-13-19.94-27.17-40-42.21-58.43c-7.89-9.67-16.46-18.79-24.61-28.24  c0.11-1.25,10.5-11.62,12.28-13.66c19.99-22.92,37.96-47.73,54.55-73.22c6.3-9.68,11.94-19.91,18.66-29.24  c24.24,41.42,51.92,81.15,84.97,116.01C351.24,456.01,323.31,495.5,299.14,536.98z\"><\/path><\/g><\/svg>\t\t\t<\/div>\n\t\t<\/div>\n\t\t\t\t\t\t<\/div>\n\t\t\t\t<\/div>\n\t\t<div class=\"elementor-element elementor-element-8d5f960 e-con-full e-flex e-con e-child\" data-id=\"8d5f960\" data-element_type=\"container\">\n\t\t\t\t<div class=\"elementor-element elementor-element-305ab44 elementor-widget elementor-widget-heading\" data-id=\"305ab44\" data-element_type=\"widget\" data-widget_type=\"heading.default\">\n\t\t\t\t\t<h2 class=\"elementor-heading-title elementor-size-default\">ORCHESTRAL<\/h2>\t\t\t\t<\/div>\n\t\t\t\t<\/div>\n\t\t\t\t\t<\/div>\n\t\t\t\t<\/div>\n\t\t<div class=\"elementor-element elementor-element-6d6b9c6 e-flex e-con-boxed e-con e-parent\" data-id=\"6d6b9c6\" data-element_type=\"container\">\n\t\t\t\t\t<div class=\"e-con-inner\">\n\t\t<div class=\"elementor-element elementor-element-b96c7b3 e-con-full e-flex e-con e-child\" data-id=\"b96c7b3\" data-element_type=\"container\">\n\t\t\t\t<\/div>\n\t\t<div class=\"elementor-element elementor-element-f644652 e-con-full e-flex e-con e-child\" data-id=\"f644652\" data-element_type=\"container\">\n\t\t\t\t<div class=\"elementor-element elementor-element-f3577fb elementor-widget elementor-widget-heading\" data-id=\"f3577fb\" data-element_type=\"widget\" data-widget_type=\"heading.default\">\n\t\t\t\t\t<h2 class=\"elementor-heading-title elementor-size-default\">Informatique de jeu TV et interactivit\u00e9 \u00e0 l'antenne nouvelle g\u00e9n\u00e9ration.\n<\/h2>\t\t\t\t<\/div>\n\t\t\t\t<div class=\"elementor-element elementor-element-15f1d70 elementor-widget elementor-widget-heading\" data-id=\"15f1d70\" data-element_type=\"widget\" data-widget_type=\"heading.default\">\n\t\t\t\t\t<h2 class=\"elementor-heading-title elementor-size-default\">Coming Soon<\/h2>\t\t\t\t<\/div>\n\t\t\t\t<\/div>\n\t\t\t\t\t<\/div>\n\t\t\t\t<\/div>\n\t\t<div class=\"elementor-element elementor-element-ade5b71 e-flex e-con-boxed e-con e-parent\" data-id=\"ade5b71\" data-element_type=\"container\">\n\t\t\t\t\t<div class=\"e-con-inner\">\n\t\t\t\t<div class=\"elementor-element elementor-element-f68e7b7 elementor-widget elementor-widget-html\" data-id=\"f68e7b7\" data-element_type=\"widget\" data-widget_type=\"html.default\">\n\t\t\t\t\t<!-- Audio -->\n<audio id=\"my-audio\" autoplay loop>\n  <source src=\"https:\/\/orchestral.tv\/wp-content\/uploads\/2025\/09\/Orchestral.wav\" type=\"audio\/wav\">\n<\/audio>\n\n<!-- Bouton mute\/unmute -->\n<button id=\"mute-btn\" aria-label=\"Activer\/D\u00e9sactiver le son\">\n  <!-- Ic\u00f4ne volume ON -->\n  <svg id=\"icon-on\" xmlns=\"http:\/\/www.w3.org\/2000\/svg\" viewBox=\"0 0 24 24\" width=\"28\" height=\"28\" style=\"display:none\">\n    <path d=\"M3 9v6h4l5 4V5L7 9H3z\" fill=\"white\"><\/path>\n    <path d=\"M16.5 8.5a4.5 4.5 0 010 6.36\" fill=\"none\" stroke=\"white\" stroke-width=\"2\" stroke-linecap=\"round\"><\/path>\n  <\/svg>\n  <!-- Ic\u00f4ne volume OFF (affich\u00e9 au d\u00e9part) -->\n  <svg id=\"icon-off\" xmlns=\"http:\/\/www.w3.org\/2000\/svg\" viewBox=\"0 0 24 24\" width=\"28\" height=\"28\">\n    <path d=\"M3 9v6h4l5 4V5L7 9H3z\" fill=\"white\"><\/path>\n    <line x1=\"16\" y1=\"8\" x2=\"22\" y2=\"14\" stroke=\"white\" stroke-width=\"2\" stroke-linecap=\"round\"><\/line>\n    <line x1=\"22\" y1=\"8\" x2=\"16\" y2=\"14\" stroke=\"white\" stroke-width=\"2\" stroke-linecap=\"round\"><\/line>\n  <\/svg>\n<\/button>\n\n<style>\n  #mute-btn {\n    position: fixed;\n    bottom: 20px;\n    right: 20px;\n    background: transparent;\n    border: none;\n    cursor: pointer;\n    z-index: 9999;\n    padding: 0;\n  }\n  #mute-btn svg {\n    display: block;\n  }\n<\/style>\n\n<script>\n  document.addEventListener('DOMContentLoaded', function() {\n    const audio = document.getElementById('my-audio');\n    const btn = document.getElementById('mute-btn');\n    const iconOn = document.getElementById('icon-on');\n    const iconOff = document.getElementById('icon-off');\n\n    \/\/ Mettre en mute au lancement\n    audio.muted = true;\n\n    btn.addEventListener('click', function() {\n      audio.muted = !audio.muted;\n      if (audio.muted) {\n        iconOn.style.display = 'none';\n        iconOff.style.display = 'inline';\n      } else {\n        iconOn.style.display = 'inline';\n        iconOff.style.display = 'none';\n        audio.play(); \/\/ relancer la lecture si n\u00e9cessaire\n      }\n    });\n  });\n<\/script>\n\t\t\t\t<\/div>\n\t\t\t\t\t<\/div>\n\t\t\t\t<\/div>\n\t\t\t\t<\/div>\n\t\t","protected":false},"excerpt":{"rendered":"<p>ORCHESTRAL Informatique de jeu TV et interactivit\u00e9 \u00e0 l&rsquo;antenne nouvelle g\u00e9n\u00e9ration. Coming Soon<\/p>\n","protected":false},"author":1,"featured_media":0,"parent":0,"menu_order":0,"comment_status":"closed","ping_status":"closed","template":"elementor_canvas","meta":{"footnotes":""},"class_list":["post-8","page","type-page","status-publish","hentry"],"_links":{"self":[{"href":"https:\/\/orchestral.tv\/index.php?rest_route=\/wp\/v2\/pages\/8","targetHints":{"allow":["GET"]}}],"collection":[{"href":"https:\/\/orchestral.tv\/index.php?rest_route=\/wp\/v2\/pages"}],"about":[{"href":"https:\/\/orchestral.tv\/index.php?rest_route=\/wp\/v2\/types\/page"}],"author":[{"embeddable":true,"href":"https:\/\/orchestral.tv\/index.php?rest_route=\/wp\/v2\/users\/1"}],"replies":[{"embeddable":true,"href":"https:\/\/orchestral.tv\/index.php?rest_route=%2Fwp%2Fv2%2Fcomments&post=8"}],"version-history":[{"count":107,"href":"https:\/\/orchestral.tv\/index.php?rest_route=\/wp\/v2\/pages\/8\/revisions"}],"predecessor-version":[{"id":132,"href":"https:\/\/orchestral.tv\/index.php?rest_route=\/wp\/v2\/pages\/8\/revisions\/132"}],"wp:attachment":[{"href":"https:\/\/orchestral.tv\/index.php?rest_route=%2Fwp%2Fv2%2Fmedia&parent=8"}],"curies":[{"name":"wp","href":"https:\/\/api.w.org\/{rel}","templated":true}]}}